{"id":5035,"date":"2026-05-07T16:58:19","date_gmt":"2026-05-07T16:58:19","guid":{"rendered":"https:\/\/growingtogetherwestchester.org\/elementor-5030\/"},"modified":"2026-05-07T17:03:24","modified_gmt":"2026-05-07T17:03:24","slug":"elementor-5030","status":"publish","type":"page","link":"https:\/\/growingtogetherwestchester.org\/es\/elementor-5030\/","title":{"rendered":"Aviso legal"},"content":{"rendered":"\t\t<div data-elementor-type=\"wp-page\" data-elementor-id=\"5035\" class=\"elementor elementor-5035 elementor-5030\" data-elementor-post-type=\"page\">\n\t\t\t\t<div class=\"elementor-element elementor-element-602aa4c e-grid e-con-boxed e-con e-parent\" data-id=\"602aa4c\" data-element_type=\"container\" data-e-type=\"container\">\n\t\t\t\t\t<div class=\"e-con-inner\">\n\t\t\t\t<div class=\"elementor-element elementor-element-1144b37 elementor-widget elementor-widget-heading\" data-id=\"1144b37\" data-element_type=\"widget\" data-e-type=\"widget\" data-widget_type=\"heading.default\">\n\t\t\t\t<div class=\"elementor-widget-container\">\n\t\t\t\t\t<h2 class=\"elementor-heading-title elementor-size-default\">Aviso legal<\/h2>\t\t\t\t<\/div>\n\t\t\t\t<\/div>\n\t\t\t\t<div class=\"elementor-element elementor-element-676f83e elementor-widget elementor-widget-text-editor\" data-id=\"676f83e\" data-element_type=\"widget\" data-e-type=\"widget\" data-widget_type=\"text-editor.default\">\n\t\t\t\t<div class=\"elementor-widget-container\">\n\t\t\t\t\t\t\t\t\t<p><b><i data-olk-copy-source=\"MessageBody\">Aviso legal importante: Este sitio no pretende proporcionar asesoramiento m\u00e9dico.<\/i><\/b><i>  El contenido proporcionado por Growing Together Westchester es s\u00f3lo para informaci\u00f3n general. No debe utilizarse para diagnosticar o tratar un problema de salud. Consulta siempre a un profesional sanitario cualificado para cualquier duda m\u00e9dica. <\/i><\/p><ul><li><b><i>Emergencias:<\/i><\/b><i>  No conf\u00edes en este sitio web para la atenci\u00f3n de urgencias. Llama inmediatamente al 911 en caso de emergencia.<\/i><\/li><li><b><i>Tu responsabilidad:<\/i><\/b><i>  El uso de este sitio no crea una relaci\u00f3n m\u00e9dico-paciente. Utiliza esta informaci\u00f3n por tu cuenta y riesgo.<\/i><\/li><li><b><i>Exactitud:<\/i><\/b><i> United Way of Westchester and Putnam no garantiza que toda la informaci\u00f3n sea perfectamente exacta o est\u00e9 actualizada y puede modificar el sitio en cualquier momento.<\/i><\/li><li><b><i>Enlaces de terceros:<\/i><\/b><i> Proporcionamos enlaces a otros sitios web para tu ayuda, pero no controlamos esos sitios ni sus condiciones de uso.<\/i><\/li><\/ul>\t\t\t\t\t\t\t\t<\/div>\n\t\t\t\t<\/div>\n\t\t\t\t\t<\/div>\n\t\t\t\t<\/div>\n\t\t\t\t<\/div>\n\t\t","protected":false},"excerpt":{"rendered":"<p>Aviso legal Aviso legal importante: Este sitio no pretende proporcionar asesoramiento m\u00e9dico. El contenido proporcionado por Growing Together Westchester es [&hellip;]<\/p>\n","protected":false},"author":7,"featured_media":0,"parent":0,"menu_order":0,"comment_status":"closed","ping_status":"closed","template":"","meta":{"_coblocks_attr":"","_coblocks_dimensions":"","_coblocks_responsive_height":"","_coblocks_accordion_ie_support":"","_uag_custom_page_level_css":"","site-sidebar-layout":"no-sidebar","site-content-layout":"","ast-site-content-layout":"full-width-container","site-content-style":"default","site-sidebar-style":"default","ast-global-header-display":"","ast-banner-title-visibility":"","ast-main-header-display":"","ast-hfb-above-header-display":"","ast-hfb-below-header-display":"","ast-hfb-mobile-header-display":"","site-post-title":"","ast-breadcrumbs-content":"","ast-featured-img":"disabled","footer-sml-layout":"","ast-disable-related-posts":"","theme-transparent-header-meta":"","adv-header-id-meta":"","stick-header-meta":"","header-above-stick-meta":"","header-main-stick-meta":"","header-below-stick-meta":"","astra-migrate-meta-layouts":"default","ast-page-background-enabled":"default","ast-page-background-meta":{"desktop":{"background-color":"var(--ast-global-color-4)","background-image":"","background-repeat":"repeat","background-position":"center center","background-size":"auto","background-attachment":"scroll","background-type":"","background-media":"","overlay-type":"","overlay-color":"","overlay-opacity":"","overlay-gradient":""},"tablet":{"background-color":"","background-image":"","background-repeat":"repeat","background-position":"center center","background-size":"auto","background-attachment":"scroll","background-type":"","background-media":"","overlay-type":"","overlay-color":"","overlay-opacity":"","overlay-gradient":""},"mobile":{"background-color":"","background-image":"","background-repeat":"repeat","background-position":"center center","background-size":"auto","background-attachment":"scroll","background-type":"","background-media":"","overlay-type":"","overlay-color":"","overlay-opacity":"","overlay-gradient":""}},"ast-content-background-meta":{"desktop":{"background-color":"var(--ast-global-color-5)","background-image":"","background-repeat":"repeat","background-position":"center center","background-size":"auto","background-attachment":"scroll","background-type":"","background-media":"","overlay-type":"","overlay-color":"","overlay-opacity":"","overlay-gradient":""},"tablet":{"background-color":"var(--ast-global-color-5)","background-image":"","background-repeat":"repeat","background-position":"center center","background-size":"auto","background-attachment":"scroll","background-type":"","background-media":"","overlay-type":"","overlay-color":"","overlay-opacity":"","overlay-gradient":""},"mobile":{"background-color":"var(--ast-global-color-5)","background-image":"","background-repeat":"repeat","background-position":"center center","background-size":"auto","background-attachment":"scroll","background-type":"","background-media":"","overlay-type":"","overlay-color":"","overlay-opacity":"","overlay-gradient":""}},"footnotes":""},"class_list":["post-5035","page","type-page","status-publish","hentry"],"uagb_featured_image_src":{"full":false,"thumbnail":false,"medium":false,"medium_large":false,"large":false,"1536x1536":false,"2048x2048":false,"gform-image-choice-sm":false,"gform-image-choice-md":false,"gform-image-choice-lg":false},"uagb_author_info":{"display_name":"Charmaine White","author_link":"https:\/\/growingtogetherwestchester.org\/es\/author\/cwhite\/"},"uagb_comment_info":0,"uagb_excerpt":"Aviso legal Aviso legal importante: Este sitio no pretende proporcionar asesoramiento m\u00e9dico. El contenido proporcionado por Growing Together Westchester es [&hellip;]","_links":{"self":[{"href":"https:\/\/growingtogetherwestchester.org\/es\/wp-json\/wp\/v2\/pages\/5035","targetHints":{"allow":["GET"]}}],"collection":[{"href":"https:\/\/growingtogetherwestchester.org\/es\/wp-json\/wp\/v2\/pages"}],"about":[{"href":"https:\/\/growingtogetherwestchester.org\/es\/wp-json\/wp\/v2\/types\/page"}],"author":[{"embeddable":true,"href":"https:\/\/growingtogetherwestchester.org\/es\/wp-json\/wp\/v2\/users\/7"}],"replies":[{"embeddable":true,"href":"https:\/\/growingtogetherwestchester.org\/es\/wp-json\/wp\/v2\/comments?post=5035"}],"version-history":[{"count":3,"href":"https:\/\/growingtogetherwestchester.org\/es\/wp-json\/wp\/v2\/pages\/5035\/revisions"}],"predecessor-version":[{"id":5039,"href":"https:\/\/growingtogetherwestchester.org\/es\/wp-json\/wp\/v2\/pages\/5035\/revisions\/5039"}],"wp:attachment":[{"href":"https:\/\/growingtogetherwestchester.org\/es\/wp-json\/wp\/v2\/media?parent=5035"}],"curies":[{"name":"wp","href":"https:\/\/api.w.org\/{rel}","templated":true}]}}